{"id":1544,"date":"2016-10-12T18:05:11","date_gmt":"2016-10-12T18:05:11","guid":{"rendered":"http:\/\/librastudio.pl\/cookie-policy\/"},"modified":"2016-10-12T18:43:05","modified_gmt":"2016-10-12T18:43:05","slug":"cookie-policy","status":"publish","type":"page","link":"https:\/\/librastudio.pl\/en\/cookie-policy\/","title":{"rendered":"Cookie Policy"},"content":{"rendered":"<h3 id=\"c3810\" class=\"csc-default\" style=\"text-align: center;\">INFORMACJE O PLIKACH COOKIES<\/h3>\n<div id=\"page_content\">\n<div id=\"c3809\" class=\"csc-default\">\n<h4 class=\"bodytext\">Czym s\u0105 &#8220;ciasteczka&#8221; (zwane r\u00f3wnie\u017c plikami &#8220;cookies&#8221;)?<\/h4>\n<p class=\"bodytext\">Poprzez &#8220;ciasteczka&#8221; nale\u017cy rozumie\u0107 dane przechowywane na urz\u0105dzeniach ko\u0144cowych u\u017cytkownik\u00f3w przeznaczone do sprawniejszego korzystania ze strony internetowej. Dane te pozwalaj\u0105 rozpozna\u0107 urz\u0105dzenie u\u017cytkownika i odpowiednio wy\u015bwietli\u0107 stron\u0119 internetow\u0105 dostosowan\u0105 do jego indywidualnych preferencji. &#8220;Ciasteczka&#8221; zazwyczaj zawieraj\u0105 nazw\u0119 strony internetowej z kt\u00f3rej pochodz\u0105, czas przechowywania ich na urz\u0105dzeniu oraz unikalny numer identyfikuj\u0105cy konkretne urz\u0105dzenie.<\/p>\n<h4>Do czego u\u017cywamy plik\u00f3w &#8220;cookies&#8221;?<\/h4>\n<p class=\"bodytext\">&#8220;Ciasteczka&#8221; u\u017cywane s\u0105 w celu dostosowania zawarto\u015bci stron internetowych do preferencji u\u017cytkownika oraz optymalizacji korzystania ze stron internetowych. U\u017cywane s\u0105 r\u00f3wnie\u017c w celu tworzenia anonimowych, zagregowanych statystyk, kt\u00f3re pomagaj\u0105 zrozumie\u0107 w jaki spos\u00f3b u\u017cytkownik korzysta ze stron internetowych co umo\u017cliwia ulepszanie ich struktury i zawarto\u015bci, z wy\u0142\u0105czeniem personalnej identyfikacji u\u017cytkownika.<\/p>\n<h4>Jakich plik\u00f3w &#8220;cookies&#8221; u\u017cywamy?<\/h4>\n<p class=\"bodytext\">Stosowane s\u0105 dwa rodzaje plik\u00f3w &#8220;cookies&#8221; \u2013 &#8220;sesyjne&#8221; oraz &#8220;sta\u0142e&#8221;. Pierwsze z nich s\u0105 plikami tymczasowymi, kt\u00f3re pozostaj\u0105 na urz\u0105dzeniu u\u017cytkownika, a\u017c do wylogowania ze strony internetowej lub wy\u0142\u0105czenia oprogramowania (przegl\u0105darki internetowej). &#8220;Sta\u0142e&#8221; pliki pozostaj\u0105 na urz\u0105dzeniu u\u017cytkownika przez czas okre\u015blony w parametrach plik\u00f3w &#8220;cookies&#8221; albo do momentu ich r\u0119cznego usuni\u0119cia przez u\u017cytkownika. Pliki &#8220;cookies&#8221; wykorzystywane przez partner\u00f3w operatora strony internetowej, w tym w szczeg\u00f3lno\u015bci u\u017cytkownik\u00f3w strony internetowej, podlegaj\u0105 ich w\u0142asnej polityce prywatno\u015bci.<\/p>\n<h4>Czy pliki &#8220;cookies&#8221; zawieraj\u0105 dane osobowe<\/h4>\n<p class=\"bodytext\">Dane osobowe gromadzone przy u\u017cyciu plik\u00f3w &#8220;cookies&#8221; mog\u0105 by\u0107 zbierane wy\u0142\u0105cznie w celu wykonywania okre\u015blonych funkcji na rzecz u\u017cytkownika. Takie dane s\u0105 zaszyfrowane w spos\u00f3b uniemo\u017cliwiaj\u0105cy dost\u0119p do nich osobom nieuprawnionym.<\/p>\n<h4>Usuwanie plik\u00f3w &#8220;cookies&#8221;<\/h4>\n<p class=\"bodytext\">Zmiana ustawie\u0144 dotycz\u0105cych przechowywania ciasteczek mo\u017cliwa jest bezpo\u015brednio z poziomu Twojej przegl\u0105darki. Standardowo oprogramowanie s\u0142u\u017c\u0105ce do przegl\u0105dania stron internetowych domy\u015blnie dopuszcza umieszczanie plik\u00f3w &#8220;cookies&#8221; na urz\u0105dzeniu ko\u0144cowym. Ustawienia te mog\u0105 zosta\u0107 zmienione w taki spos\u00f3b, aby blokowa\u0107 automatyczn\u0105 obs\u0142ug\u0119 plik\u00f3w &#8220;cookies&#8221; w ustawieniach przegl\u0105darki internetowej b\u0105d\u017a informowa\u0107 o ich ka\u017cdorazowym przes\u0142aniu na urz\u0105dzenie u\u017cytkownika. Szczeg\u00f3\u0142owe informacje o mo\u017cliwo\u015bci i sposobach obs\u0142ugi plik\u00f3w &#8220;cookies&#8221; dost\u0119pne s\u0105 w ustawieniach oprogramowania (przegl\u0105darki internetowej). Ograniczenie stosowania plik\u00f3w &#8220;cookies&#8221;, mo\u017ce wp\u0142yn\u0105\u0107 na niekt\u00f3re funkcjonalno\u015bci dost\u0119pne na stronie internetowej.<\/p>\n<\/div>\n<\/div>\n","protected":false},"excerpt":{"rendered":"<p>INFORMACJE O PLIKACH COOKIES Czym s\u0105 &#8220;ciasteczka&#8221; (zwane r\u00f3wnie\u017c plikami &#8220;cookies&#8221;)? Poprzez &#8220;ciasteczka&#8221; nale\u017cy rozumie\u0107 dane przechowywane na urz\u0105dzeniach ko\u0144cowych u\u017cytkownik\u00f3w przeznaczone do sprawniejszego korzystania ze strony internetowej. Dane te pozwalaj\u0105 rozpozna\u0107 urz\u0105dzenie u\u017cytkownika i odpowiednio wy\u015bwietli\u0107 stron\u0119 internetow\u0105 dostosowan\u0105 do jego indywidualnych preferencji. &#8220;Ciasteczka&#8221; zazwyczaj zawieraj\u0105 nazw\u0119 strony internetowej&hellip;<\/p>\n<p class=\"more-link-wrapper\"><a class=\"more-link\" href=\"https:\/\/librastudio.pl\/en\/cookie-policy\/\"><span class=\"fa fa-mail-forward read-more-icon\"><\/span><span class=\"screen-reader-text\">Read More<\/span><\/a><\/p>\n","protected":false},"author":1,"featured_media":0,"parent":0,"menu_order":0,"comment_status":"closed","ping_status":"closed","template":"","meta":[],"yoast_head":"<!-- This site is optimized with the Yoast SEO plugin v18.3 - https:\/\/yoast.com\/wordpress\/plugins\/seo\/ -->\n<title>Cookie Policy - 3D furniture visualization | advertising photography<\/title>\n<meta name=\"robots\" content=\"index, follow, max-snippet:-1, max-image-preview:large, max-video-preview:-1\" \/>\n<link rel=\"canonical\" href=\"https:\/\/librastudio.pl\/cookie-policy\/\" \/>\n<meta property=\"og:locale\" content=\"en_US\" \/>\n<meta property=\"og:type\" content=\"article\" \/>\n<meta property=\"og:title\" content=\"Cookie Policy - 3D furniture visualization | advertising photography\" \/>\n<meta property=\"og:description\" content=\"INFORMACJE O PLIKACH COOKIES Czym s\u0105 &#8220;ciasteczka&#8221; (zwane r\u00f3wnie\u017c plikami &#8220;cookies&#8221;)? Poprzez &#8220;ciasteczka&#8221; nale\u017cy rozumie\u0107 dane przechowywane na urz\u0105dzeniach ko\u0144cowych u\u017cytkownik\u00f3w przeznaczone do sprawniejszego korzystania ze strony internetowej. Dane te pozwalaj\u0105 rozpozna\u0107 urz\u0105dzenie u\u017cytkownika i odpowiednio wy\u015bwietli\u0107 stron\u0119 internetow\u0105 dostosowan\u0105 do jego indywidualnych preferencji. &#8220;Ciasteczka&#8221; zazwyczaj zawieraj\u0105 nazw\u0119 strony internetowej&hellip;Read More\" \/>\n<meta property=\"og:url\" content=\"https:\/\/librastudio.pl\/cookie-policy\/\" \/>\n<meta property=\"og:site_name\" content=\"3D furniture visualization | advertising photography\" \/>\n<meta property=\"article:modified_time\" content=\"2016-10-12T18:43:05+00:00\" \/>\n<meta name=\"twitter:card\" content=\"summary\" \/>\n<meta name=\"twitter:label1\" content=\"Est. reading time\" \/>\n\t<meta name=\"twitter:data1\" content=\"2 minutes\" \/>\n<script type=\"application\/ld+json\" class=\"yoast-schema-graph\">{\"@context\":\"https:\/\/schema.org\",\"@graph\":[{\"@type\":\"WebSite\",\"@id\":\"https:\/\/librastudio.pl\/#website\",\"url\":\"https:\/\/librastudio.pl\/\",\"name\":\"3D furniture visualization | advertising photography\",\"description\":\"Specjalizujemy si\u0119 w wykonywaniu wizualizacji mebli a tak\u017ce fotografii reklamowej i produktowej\",\"potentialAction\":[{\"@type\":\"SearchAction\",\"target\":{\"@type\":\"EntryPoint\",\"urlTemplate\":\"https:\/\/librastudio.pl\/?s={search_term_string}\"},\"query-input\":\"required name=search_term_string\"}],\"inLanguage\":\"en-US\"},{\"@type\":\"WebPage\",\"@id\":\"https:\/\/librastudio.pl\/cookie-policy\/#webpage\",\"url\":\"https:\/\/librastudio.pl\/cookie-policy\/\",\"name\":\"Cookie Policy - 3D furniture visualization | advertising photography\",\"isPartOf\":{\"@id\":\"https:\/\/librastudio.pl\/#website\"},\"datePublished\":\"2016-10-12T18:05:11+00:00\",\"dateModified\":\"2016-10-12T18:43:05+00:00\",\"breadcrumb\":{\"@id\":\"https:\/\/librastudio.pl\/cookie-policy\/#breadcrumb\"},\"inLanguage\":\"en-US\",\"potentialAction\":[{\"@type\":\"ReadAction\",\"target\":[\"https:\/\/librastudio.pl\/cookie-policy\/\"]}]},{\"@type\":\"BreadcrumbList\",\"@id\":\"https:\/\/librastudio.pl\/cookie-policy\/#breadcrumb\",\"itemListElement\":[{\"@type\":\"ListItem\",\"position\":1,\"name\":\"Strona g\u0142\u00f3wna\",\"item\":\"https:\/\/librastudio.pl\/\"},{\"@type\":\"ListItem\",\"position\":2,\"name\":\"Cookie Policy\"}]}]}<\/script>\n<!-- \/ Yoast SEO plugin. -->","yoast_head_json":{"title":"Cookie Policy - 3D furniture visualization | advertising photography","robots":{"index":"index","follow":"follow","max-snippet":"max-snippet:-1","max-image-preview":"max-image-preview:large","max-video-preview":"max-video-preview:-1"},"canonical":"https:\/\/librastudio.pl\/cookie-policy\/","og_locale":"en_US","og_type":"article","og_title":"Cookie Policy - 3D furniture visualization | advertising photography","og_description":"INFORMACJE O PLIKACH COOKIES Czym s\u0105 &#8220;ciasteczka&#8221; (zwane r\u00f3wnie\u017c plikami &#8220;cookies&#8221;)? Poprzez &#8220;ciasteczka&#8221; nale\u017cy rozumie\u0107 dane przechowywane na urz\u0105dzeniach ko\u0144cowych u\u017cytkownik\u00f3w przeznaczone do sprawniejszego korzystania ze strony internetowej. Dane te pozwalaj\u0105 rozpozna\u0107 urz\u0105dzenie u\u017cytkownika i odpowiednio wy\u015bwietli\u0107 stron\u0119 internetow\u0105 dostosowan\u0105 do jego indywidualnych preferencji. &#8220;Ciasteczka&#8221; zazwyczaj zawieraj\u0105 nazw\u0119 strony internetowej&hellip;Read More","og_url":"https:\/\/librastudio.pl\/cookie-policy\/","og_site_name":"3D furniture visualization | advertising photography","article_modified_time":"2016-10-12T18:43:05+00:00","twitter_card":"summary","twitter_misc":{"Est. reading time":"2 minutes"},"schema":{"@context":"https:\/\/schema.org","@graph":[{"@type":"WebSite","@id":"https:\/\/librastudio.pl\/#website","url":"https:\/\/librastudio.pl\/","name":"3D furniture visualization | advertising photography","description":"Specjalizujemy si\u0119 w wykonywaniu wizualizacji mebli a tak\u017ce fotografii reklamowej i produktowej","potentialAction":[{"@type":"SearchAction","target":{"@type":"EntryPoint","urlTemplate":"https:\/\/librastudio.pl\/?s={search_term_string}"},"query-input":"required name=search_term_string"}],"inLanguage":"en-US"},{"@type":"WebPage","@id":"https:\/\/librastudio.pl\/cookie-policy\/#webpage","url":"https:\/\/librastudio.pl\/cookie-policy\/","name":"Cookie Policy - 3D furniture visualization | advertising photography","isPartOf":{"@id":"https:\/\/librastudio.pl\/#website"},"datePublished":"2016-10-12T18:05:11+00:00","dateModified":"2016-10-12T18:43:05+00:00","breadcrumb":{"@id":"https:\/\/librastudio.pl\/cookie-policy\/#breadcrumb"},"inLanguage":"en-US","potentialAction":[{"@type":"ReadAction","target":["https:\/\/librastudio.pl\/cookie-policy\/"]}]},{"@type":"BreadcrumbList","@id":"https:\/\/librastudio.pl\/cookie-policy\/#breadcrumb","itemListElement":[{"@type":"ListItem","position":1,"name":"Strona g\u0142\u00f3wna","item":"https:\/\/librastudio.pl\/"},{"@type":"ListItem","position":2,"name":"Cookie Policy"}]}]}},"_links":{"self":[{"href":"https:\/\/librastudio.pl\/en\/wp-json\/wp\/v2\/pages\/1544"}],"collection":[{"href":"https:\/\/librastudio.pl\/en\/wp-json\/wp\/v2\/pages"}],"about":[{"href":"https:\/\/librastudio.pl\/en\/wp-json\/wp\/v2\/types\/page"}],"author":[{"embeddable":true,"href":"https:\/\/librastudio.pl\/en\/wp-json\/wp\/v2\/users\/1"}],"replies":[{"embeddable":true,"href":"https:\/\/librastudio.pl\/en\/wp-json\/wp\/v2\/comments?post=1544"}],"version-history":[{"count":1,"href":"https:\/\/librastudio.pl\/en\/wp-json\/wp\/v2\/pages\/1544\/revisions"}],"predecessor-version":[{"id":1546,"href":"https:\/\/librastudio.pl\/en\/wp-json\/wp\/v2\/pages\/1544\/revisions\/1546"}],"wp:attachment":[{"href":"https:\/\/librastudio.pl\/en\/wp-json\/wp\/v2\/media?parent=1544"}],"curies":[{"name":"wp","href":"https:\/\/api.w.org\/{rel}","templated":true}]}}